{"id":11282,"date":"2023-08-22T15:43:26","date_gmt":"2023-08-22T13:43:26","guid":{"rendered":"https:\/\/carturbo.fr\/?page_id=11282"},"modified":"2024-07-26T18:37:43","modified_gmt":"2024-07-26T16:37:43","slug":"caralgo-light-2","status":"publish","type":"page","link":"https:\/\/smarto.fr\/index.php\/caralgo-light-2\/","title":{"rendered":"CarAlgo Light+"},"content":{"rendered":"\t\t<div data-elementor-type=\"wp-page\" data-elementor-id=\"11282\" class=\"elementor elementor-11282\" data-elementor-post-type=\"page\">\n\t\t\t\t\t\t<section class=\"elementor-section elementor-top-section elementor-element elementor-element-ec6a014 elementor-section-boxed elementor-section-height-default elementor-section-height-default\" data-id=\"ec6a014\" data-element_type=\"section\">\n\t\t\t\t\t\t<div class=\"elementor-container elementor-column-gap-default\">\n\t\t\t\t\t<div class=\"elementor-column elementor-col-50 elementor-top-column elementor-element elementor-element-771afed\" data-id=\"771afed\" data-element_type=\"column\">\n\t\t\t<div class=\"elementor-widget-wrap\">\n\t\t\t\t\t\t\t<\/div>\n\t\t<\/div>\n\t\t\t\t<div class=\"elementor-column elementor-col-50 elementor-top-column elementor-element elementor-element-96a8169\" data-id=\"96a8169\" data-element_type=\"column\">\n\t\t\t<div class=\"elementor-widget-wrap\">\n\t\t\t\t\t\t\t<\/div>\n\t\t<\/div>\n\t\t\t\t\t<\/div>\n\t\t<\/section>\n\t\t\t\t<section class=\"elementor-section elementor-top-section elementor-element elementor-element-cc626c3 elementor-section-stretched elementor-section-boxed elementor-section-height-default elementor-section-height-default\" data-id=\"cc626c3\" data-element_type=\"section\" data-settings=\"{&quot;stretch_section&quot;:&quot;section-stretched&quot;}\">\n\t\t\t\t\t\t<div class=\"elementor-container elementor-column-gap-default\">\n\t\t\t\t\t<div class=\"elementor-column elementor-col-50 elementor-top-column elementor-element elementor-element-c925ea8\" data-id=\"c925ea8\" data-element_type=\"column\">\n\t\t\t<div class=\"elementor-widget-wrap elementor-element-populated\">\n\t\t\t\t\t\t<div class=\"elementor-element elementor-element-50960f2 elementor-widget elementor-widget-heading\" data-id=\"50960f2\" data-element_type=\"widget\" data-widget_type=\"heading.default\">\n\t\t\t\t<div class=\"elementor-widget-container\">\n\t\t\t\t\t<h2 class=\"elementor-heading-title elementor-size-default\"><br>\n<h3 style=\"font-family: Novecentowide-Medium;font-weight: bold;line-height: 48px;font-size: 38px;letter-spacing: normal;margin-bottom: 40px !important\"><span style=\"letter-spacing: 0.1px\">CarAlgo&nbsp;<cite style=\"font-style: normal;font-size: 40px;font-weight: bold;color: #4CAF50;font-family: Novecentowide-Medium\">Light+<\/cite> <\/h3> <br><\/h2>\t\t\t\t<\/div>\n\t\t\t\t<\/div>\n\t\t\t\t<div class=\"elementor-element elementor-element-95b0e46 elementor-widget__width-initial elementor-widget elementor-widget-text-editor\" data-id=\"95b0e46\" data-element_type=\"widget\" data-widget_type=\"text-editor.default\">\n\t\t\t\t<div class=\"elementor-widget-container\">\n\t\t\t\t\t\t\t\t\t<p><b>CarAlgo Light+<\/b> est un dongle OBD CAN LoRa, le plus compact au monde, avec 6 mm d\u2019\u00e9paisseur,\u00a0 pour se loger discr\u00e8tement dans la trappe \u00e0 fusibles, la console centrale ou la boite \u00e0 gants. Il se connecte \u00e0 la prise de diagnostic automobile et r\u00e9cup\u00e8re les donn\u00e9es v\u00e9hicule par le biais de 3 protocoles de communication OBD, CAN fonctionnel et diagnostic constructeur. Il remonte les donn\u00e9es vers le Cloud en utilisant le protocole LPWAN LoRa, ne n\u00e9cessitant pas la pr\u00e9sence d&rsquo;un Smartphone, toutefois, si ce dernier est pr\u00e9sent, il privil\u00e9gie la remont\u00e9 des donn\u00e9es \u00e0 travers le Smartphone par le biais d&rsquo;une connexion Bluetooth BLE.<\/p>\t\t\t\t\t\t\t\t<\/div>\n\t\t\t\t<\/div>\n\t\t\t\t<div class=\"elementor-element elementor-element-f59fdb7 elementor-widget elementor-widget-image\" data-id=\"f59fdb7\" data-element_type=\"widget\" data-widget_type=\"image.default\">\n\t\t\t\t<div class=\"elementor-widget-container\">\n\t\t\t\t\t\t\t\t\t\t\t\t\t\t\t<img fetchpriority=\"high\" decoding=\"async\" width=\"1024\" height=\"610\" src=\"https:\/\/smarto.fr\/wp-content\/uploads\/2023\/08\/Banner-Caralgo_Ble_LoRa-1024x610.webp\" class=\"attachment-large size-large wp-image-11407\" alt=\"\" srcset=\"https:\/\/smarto.fr\/wp-content\/uploads\/2023\/08\/Banner-Caralgo_Ble_LoRa-1024x610.webp 1024w, https:\/\/smarto.fr\/wp-content\/uploads\/2023\/08\/Banner-Caralgo_Ble_LoRa-300x179.webp 300w, https:\/\/smarto.fr\/wp-content\/uploads\/2023\/08\/Banner-Caralgo_Ble_LoRa-768x457.webp 768w, https:\/\/smarto.fr\/wp-content\/uploads\/2023\/08\/Banner-Caralgo_Ble_LoRa-1536x915.webp 1536w, https:\/\/smarto.fr\/wp-content\/uploads\/2023\/08\/Banner-Caralgo_Ble_LoRa.webp 1800w\" sizes=\"(max-width: 1024px) 100vw, 1024px\" \/>\t\t\t\t\t\t\t\t\t\t\t\t\t\t\t<\/div>\n\t\t\t\t<\/div>\n\t\t\t\t<div class=\"elementor-element elementor-element-02ae006 elementor-widget__width-initial elementor-widget elementor-widget-text-editor\" data-id=\"02ae006\" data-element_type=\"widget\" data-widget_type=\"text-editor.default\">\n\t\t\t\t<div class=\"elementor-widget-container\">\n\t\t\t\t\t\t\t\t\t<p><b>CarAlgo Light+<\/b> c&rsquo;est le boitier t\u00e9l\u00e9matique le plus efficient du march\u00e9 Qualit\u00e9\/Prix, il est con\u00e7u autour d&rsquo;un microcontr\u00f4leur c\u0153ur Cortex M0+,&nbsp; il int\u00e8gre un acc\u00e9l\u00e9rom\u00e8tre 3 axes, une m\u00e9moire 64Mb, un multiplexage des pins OBD pour permettre l&rsquo;acc\u00e8s aux donn\u00e9es v\u00e9hicules multi-marques.<\/p>\n<p><b>Plug and Go<\/b>, lors de la premi\u00e8re installation,&nbsp; il identifie automatiquement le v\u00e9hicule et remonte les donn\u00e9es Dataset : odom\u00e8tre,&nbsp; niveau de carburant, \u00e9ch\u00e9ance de maintenance, niveau de la batterie de traction pour les v\u00e9hicules hybrides et \u00e9lectriques, SOH \u00e9tat de la sant\u00e9 de la batterie, DTCs d\u00e9fauts moteur, etc\u2026<\/p>\n<p><b>Dataset<\/b>, la m\u00e9thode de r\u00e9cup\u00e9ration des donn\u00e9es v\u00e9hicules est sp\u00e9cifique \u00e0 chaque constructeur automobile, gr\u00e2ce \u00e0 nos techniciens, un important travail de reverse engineering a \u00e9t\u00e9 effectu\u00e9 sur le terrain pour couvrir plus de 95% du parc automobile mondial.<\/p>\t\t\t\t\t\t\t\t<\/div>\n\t\t\t\t<\/div>\n\t\t\t\t<div class=\"elementor-element elementor-element-917c363 elementor-widget elementor-widget-image\" data-id=\"917c363\" data-element_type=\"widget\" data-widget_type=\"image.default\">\n\t\t\t\t<div class=\"elementor-widget-container\">\n\t\t\t\t\t\t\t\t\t\t\t\t\t\t\t<img decoding=\"async\" width=\"658\" height=\"889\" src=\"https:\/\/smarto.fr\/wp-content\/uploads\/2023\/08\/CarAlgo-Business.webp\" class=\"attachment-large size-large wp-image-11248\" alt=\"\" srcset=\"https:\/\/smarto.fr\/wp-content\/uploads\/2023\/08\/CarAlgo-Business.webp 658w, https:\/\/smarto.fr\/wp-content\/uploads\/2023\/08\/CarAlgo-Business-222x300.webp 222w\" sizes=\"(max-width: 658px) 100vw, 658px\" \/>\t\t\t\t\t\t\t\t\t\t\t\t\t\t\t<\/div>\n\t\t\t\t<\/div>\n\t\t\t\t<div class=\"elementor-element elementor-element-7f0f5cc elementor-widget__width-initial elementor-widget elementor-widget-text-editor\" data-id=\"7f0f5cc\" data-element_type=\"widget\" data-widget_type=\"text-editor.default\">\n\t\t\t\t<div class=\"elementor-widget-container\">\n\t\t\t\t\t\t\t\t\t<p><b>Votre projet<\/b>, nous vous proposons de vous fournir ce dongle avec toutes les briques logicielles de collecte de donn\u00e9es v\u00e9hicules, d&rsquo;Ecodrive, de comportement de conduite, de maintenance pr\u00e9dictive, et plein d&rsquo;autres algorithmes d&rsquo;IA pour customiser ce Device selon vos sp\u00e9cifications.<\/p>\n<p><b>Notre \u00e9quipe<\/b> d&rsquo;ing\u00e9nieurs sera \u00e0 l&rsquo;\u00e9coute pour analyser vos besoins, construire avec vous votre cahier des charges, le traduire en exigences techniques, d\u00e9velopper votre solution personnalis\u00e9e, vous accompagner dans son industrialisation, et vous fournir le soutien dont vous avez besoin pour assurer une mise sur le march\u00e9 rapide.<\/p>\t\t\t\t\t\t\t\t<\/div>\n\t\t\t\t<\/div>\n\t\t\t\t<div class=\"elementor-element elementor-element-9945af4 elementor-align-left elementor-widget__width-initial elementor-widget elementor-widget-button\" data-id=\"9945af4\" data-element_type=\"widget\" data-widget_type=\"button.default\">\n\t\t\t\t<div class=\"elementor-widget-container\">\n\t\t\t\t\t\t\t\t\t<div class=\"elementor-button-wrapper\">\n\t\t\t\t\t<a class=\"elementor-button elementor-button-link elementor-size-md elementor-animation-grow\" href=\"https:\/\/smarto.fr\/index.php\/contactez-nous\/\" target=\"_blank\">\n\t\t\t\t\t\t<span class=\"elementor-button-content-wrapper\">\n\t\t\t\t\t\t<span class=\"elementor-button-icon\">\n\t\t\t\t<i aria-hidden=\"true\" class=\"fas fa-envelope\"><\/i>\t\t\t<\/span>\n\t\t\t\t\t\t\t\t\t<span class=\"elementor-button-text\"><span style=\"font-family: 'PT Sans'; font-size: 18px;\"> Contacter Nous <\/span>\n\t\t\t\t\t<\/span>\n\t\t\t\t\t<\/a>\n\t\t\t\t<\/div>\n\t\t\t\t\t\t\t\t<\/div>\n\t\t\t\t<\/div>\n\t\t\t\t\t<\/div>\n\t\t<\/div>\n\t\t\t\t<div class=\"elementor-column elementor-col-50 elementor-top-column elementor-element elementor-element-5ff4eca\" data-id=\"5ff4eca\" data-element_type=\"column\">\n\t\t\t<div class=\"elementor-widget-wrap elementor-element-populated\">\n\t\t\t\t\t\t<div class=\"elementor-element elementor-element-88e89ab elementor-widget elementor-widget-image\" data-id=\"88e89ab\" data-element_type=\"widget\" data-widget_type=\"image.default\">\n\t\t\t\t<div class=\"elementor-widget-container\">\n\t\t\t\t\t\t\t\t\t\t\t\t\t\t\t<img decoding=\"async\" width=\"344\" height=\"253\" src=\"https:\/\/smarto.fr\/wp-content\/uploads\/2023\/06\/CarAlgo-Light-2.png\" class=\"attachment-large size-large wp-image-10222\" alt=\"\" srcset=\"https:\/\/smarto.fr\/wp-content\/uploads\/2023\/06\/CarAlgo-Light-2.png 344w, https:\/\/smarto.fr\/wp-content\/uploads\/2023\/06\/CarAlgo-Light-2-300x221.png 300w\" sizes=\"(max-width: 344px) 100vw, 344px\" \/>\t\t\t\t\t\t\t\t\t\t\t\t\t\t\t<\/div>\n\t\t\t\t<\/div>\n\t\t\t\t<div class=\"elementor-element elementor-element-2095276 elementor-widget__width-initial elementor-widget elementor-widget-text-editor\" data-id=\"2095276\" data-element_type=\"widget\" data-widget_type=\"text-editor.default\">\n\t\t\t\t<div class=\"elementor-widget-container\">\n\t\t\t\t\t\t\t\t\t<p><b>CarAlgo Light+<\/b> est con\u00e7u \u00e0 base de composants \u00e9lectroniques certifi\u00e9s Automotive, il est certifi\u00e9 CE pour l&rsquo;Europe et UKCA pour la Grande Bretagne, il a obtenu l&rsquo;homologation\u00a0 E-Mark sous le num\u00e9ro E13-10R-0515443, preuve du respect des dispositions r\u00e9glementaires europ\u00e9ennes pour les v\u00e9hicules roulants.\u00a0<\/p>\t\t\t\t\t\t\t\t<\/div>\n\t\t\t\t<\/div>\n\t\t\t\t<div class=\"elementor-element elementor-element-5b5e628 elementor-widget elementor-widget-image\" data-id=\"5b5e628\" data-element_type=\"widget\" data-widget_type=\"image.default\">\n\t\t\t\t<div class=\"elementor-widget-container\">\n\t\t\t\t\t\t\t\t\t\t\t\t\t\t\t<img loading=\"lazy\" decoding=\"async\" width=\"728\" height=\"436\" src=\"https:\/\/smarto.fr\/wp-content\/uploads\/2023\/08\/CarAlgo-Certifications-lora.webp\" class=\"attachment-large size-large wp-image-11306\" alt=\"\" srcset=\"https:\/\/smarto.fr\/wp-content\/uploads\/2023\/08\/CarAlgo-Certifications-lora.webp 728w, https:\/\/smarto.fr\/wp-content\/uploads\/2023\/08\/CarAlgo-Certifications-lora-300x180.webp 300w\" sizes=\"(max-width: 728px) 100vw, 728px\" \/>\t\t\t\t\t\t\t\t\t\t\t\t\t\t\t<\/div>\n\t\t\t\t<\/div>\n\t\t\t\t<div class=\"elementor-element elementor-element-e49eb7e elementor-widget elementor-widget-image\" data-id=\"e49eb7e\" data-element_type=\"widget\" data-widget_type=\"image.default\">\n\t\t\t\t<div class=\"elementor-widget-container\">\n\t\t\t\t\t\t\t\t\t\t\t\t\t\t\t<img loading=\"lazy\" decoding=\"async\" width=\"640\" height=\"573\" src=\"https:\/\/smarto.fr\/wp-content\/uploads\/2023\/08\/CarAlgo-connect-lora.webp\" class=\"attachment-large size-large wp-image-11288\" alt=\"\" srcset=\"https:\/\/smarto.fr\/wp-content\/uploads\/2023\/08\/CarAlgo-connect-lora.webp 640w, https:\/\/smarto.fr\/wp-content\/uploads\/2023\/08\/CarAlgo-connect-lora-300x269.webp 300w\" sizes=\"(max-width: 640px) 100vw, 640px\" \/>\t\t\t\t\t\t\t\t\t\t\t\t\t\t\t<\/div>\n\t\t\t\t<\/div>\n\t\t\t\t<div class=\"elementor-element elementor-element-2d4a6e1 elementor-widget elementor-widget-spacer\" data-id=\"2d4a6e1\" data-element_type=\"widget\" data-widget_type=\"spacer.default\">\n\t\t\t\t<div class=\"elementor-widget-container\">\n\t\t\t\t\t\t\t<div class=\"elementor-spacer\">\n\t\t\t<div class=\"elementor-spacer-inner\"><\/div>\n\t\t<\/div>\n\t\t\t\t\t\t<\/div>\n\t\t\t\t<\/div>\n\t\t\t\t<div class=\"elementor-element elementor-element-b7062f0 elementor-widget__width-initial elementor-widget elementor-widget-text-editor\" data-id=\"b7062f0\" data-element_type=\"widget\" data-widget_type=\"text-editor.default\">\n\t\t\t\t<div class=\"elementor-widget-container\">\n\t\t\t\t\t\t\t\t\t<p><b>Cibles<\/b>, Les professionnels de l\u2019automobile sont \u00e0 la recherche de solutions techniques et \u00e0 moindre co\u00fbt pour la remont\u00e9 des donn\u00e9es v\u00e9hicules afin de s\u2019adapter au mieux \u00e0 l\u2019\u00e9volution de l\u2019usage li\u00e9 \u00e0 la mobilit\u00e9. La solution int\u00e9resse les assureurs; les professionnels de l\u2019Aftermarke automobile, les loueurs de v\u00e9hicule, les gestionnaires de flotte, les startups de la mobilit\u00e9, l\u2019autopartage et les collectivit\u00e9s locales.<br><\/p>\t\t\t\t\t\t\t\t<\/div>\n\t\t\t\t<\/div>\n\t\t\t\t<div class=\"elementor-element elementor-element-16986aa elementor-align-center elementor-widget__width-initial elementor-widget elementor-widget-button\" data-id=\"16986aa\" data-element_type=\"widget\" data-widget_type=\"button.default\">\n\t\t\t\t<div class=\"elementor-widget-container\">\n\t\t\t\t\t\t\t\t\t<div class=\"elementor-button-wrapper\">\n\t\t\t\t\t<a class=\"elementor-button elementor-button-link elementor-size-md elementor-animation-grow\" href=\"https:\/\/smarto.fr\/wp-content\/uploads\/2023\/06\/CarAlgo-LightP.pdf\" target=\"_blank\">\n\t\t\t\t\t\t<span class=\"elementor-button-content-wrapper\">\n\t\t\t\t\t\t<span class=\"elementor-button-icon\">\n\t\t\t\t<i aria-hidden=\"true\" class=\"fas fa-download\"><\/i>\t\t\t<\/span>\n\t\t\t\t\t\t\t\t\t<span class=\"elementor-button-text\"><span style=\"font-family: 'PT Sans'; font-size: 18px;\"> T\u00e9l\u00e9chargez la fiche technique<\/span>\n\t\t\t\t\t<\/span>\n\t\t\t\t\t<\/a>\n\t\t\t\t<\/div>\n\t\t\t\t\t\t\t\t<\/div>\n\t\t\t\t<\/div>\n\t\t\t\t\t<\/div>\n\t\t<\/div>\n\t\t\t\t\t<\/div>\n\t\t<\/section>\n\t\t\t\t<section class=\"elementor-section elementor-top-section elementor-element elementor-element-35e5adb elementor-section-boxed elementor-section-height-default elementor-section-height-default\" data-id=\"35e5adb\" data-element_type=\"section\">\n\t\t\t\t\t\t<div class=\"elementor-container elementor-column-gap-default\">\n\t\t\t\t\t<div class=\"elementor-column elementor-col-100 elementor-top-column elementor-element elementor-element-d12d907\" data-id=\"d12d907\" data-element_type=\"column\">\n\t\t\t<div class=\"elementor-widget-wrap elementor-element-populated\">\n\t\t\t\t\t\t<div class=\"elementor-element elementor-element-c618ac0 elementor-widget elementor-widget-spacer\" data-id=\"c618ac0\" data-element_type=\"widget\" data-widget_type=\"spacer.default\">\n\t\t\t\t<div class=\"elementor-widget-container\">\n\t\t\t\t\t\t\t<div class=\"elementor-spacer\">\n\t\t\t<div class=\"elementor-spacer-inner\"><\/div>\n\t\t<\/div>\n\t\t\t\t\t\t<\/div>\n\t\t\t\t<\/div>\n\t\t\t\t\t<\/div>\n\t\t<\/div>\n\t\t\t\t\t<\/div>\n\t\t<\/section>\n\t\t\t\t<\/div>\n\t\t","protected":false},"excerpt":{"rendered":"<p>\/*! elementor &#8211; v3.15.0 &#8211; 09-08-2023 *\/ .elementor-heading-title{padding:0;margin:0;line-height:1}.elementor-widget-heading .elementor-heading-title[class*=elementor-size-]&gt;a{color:inherit;font-size:inherit;line-height:inherit}.elementor-widget-heading .elementor-heading-title.elementor-size-small{font-size:15px}.elementor-widget-heading .elementor-heading-title.elementor-size-medium{font-size:19px}.elementor-widget-heading .elementor-heading-title.elementor-size-large{font-size:29px}.elementor-widget-heading .elementor-heading-title.elementor-size-xl{font-size:39px}.elementor-widget-heading .elementor-heading-title.elementor-size-xxl{font-size:59px} CarAlgo&nbsp;Light+ CarAlgo Light+ est un dongle OBD CAN LoRa, le plus compact au monde, avec 6 mm d\u2019\u00e9paisseur,\u00a0 pour se loger discr\u00e8tement dans la trappe \u00e0 fusibles, la console centrale ou la boite \u00e0 gants. Il se connecte \u00e0 la prise [&hellip;]<\/p>\n","protected":false},"author":1,"featured_media":0,"parent":0,"menu_order":0,"comment_status":"closed","ping_status":"closed","template":"","meta":{"footnotes":""},"class_list":["post-11282","page","type-page","status-publish","hentry"],"_links":{"self":[{"href":"https:\/\/smarto.fr\/index.php\/wp-json\/wp\/v2\/pages\/11282","targetHints":{"allow":["GET"]}}],"collection":[{"href":"https:\/\/smarto.fr\/index.php\/wp-json\/wp\/v2\/pages"}],"about":[{"href":"https:\/\/smarto.fr\/index.php\/wp-json\/wp\/v2\/types\/page"}],"author":[{"embeddable":true,"href":"https:\/\/smarto.fr\/index.php\/wp-json\/wp\/v2\/users\/1"}],"replies":[{"embeddable":true,"href":"https:\/\/smarto.fr\/index.php\/wp-json\/wp\/v2\/comments?post=11282"}],"version-history":[{"count":52,"href":"https:\/\/smarto.fr\/index.php\/wp-json\/wp\/v2\/pages\/11282\/revisions"}],"predecessor-version":[{"id":11486,"href":"https:\/\/smarto.fr\/index.php\/wp-json\/wp\/v2\/pages\/11282\/revisions\/11486"}],"wp:attachment":[{"href":"https:\/\/smarto.fr\/index.php\/wp-json\/wp\/v2\/media?parent=11282"}],"curies":[{"name":"wp","href":"https:\/\/api.w.org\/{rel}","templated":true}]}}