{"id":9565,"date":"2023-06-06T11:58:43","date_gmt":"2023-06-06T09:58:43","guid":{"rendered":"https:\/\/carturbo.fr\/?page_id=9565"},"modified":"2023-06-15T10:13:07","modified_gmt":"2023-06-15T08:13:07","slug":"assistance-technique","status":"publish","type":"page","link":"https:\/\/smarto.fr\/index.php\/assistance-technique\/","title":{"rendered":"Assistance Technique"},"content":{"rendered":"\t\t<div data-elementor-type=\"wp-page\" data-elementor-id=\"9565\" class=\"elementor elementor-9565\" data-elementor-post-type=\"page\">\n\t\t\t\t\t\t<section class=\"elementor-section elementor-top-section elementor-element elementor-element-54e700f elementor-section-boxed elementor-section-height-default elementor-section-height-default\" data-id=\"54e700f\" data-element_type=\"section\">\n\t\t\t\t\t\t<div class=\"elementor-container elementor-column-gap-default\">\n\t\t\t\t\t<div class=\"elementor-column elementor-col-100 elementor-top-column elementor-element elementor-element-4971909\" data-id=\"4971909\" data-element_type=\"column\">\n\t\t\t<div class=\"elementor-widget-wrap elementor-element-populated\">\n\t\t\t\t\t\t<div class=\"elementor-element elementor-element-b0fcf9a elementor-widget elementor-widget-spacer\" data-id=\"b0fcf9a\" data-element_type=\"widget\" data-widget_type=\"spacer.default\">\n\t\t\t\t<div class=\"elementor-widget-container\">\n\t\t\t\t\t\t\t<div class=\"elementor-spacer\">\n\t\t\t<div class=\"elementor-spacer-inner\"><\/div>\n\t\t<\/div>\n\t\t\t\t\t\t<\/div>\n\t\t\t\t<\/div>\n\t\t\t\t\t<\/div>\n\t\t<\/div>\n\t\t\t\t\t<\/div>\n\t\t<\/section>\n\t\t\t\t<section class=\"elementor-section elementor-top-section elementor-element elementor-element-2024527 elementor-section-boxed elementor-section-height-default elementor-section-height-default\" data-id=\"2024527\" data-element_type=\"section\">\n\t\t\t\t\t\t<div class=\"elementor-container elementor-column-gap-default\">\n\t\t\t\t\t<div class=\"elementor-column elementor-col-100 elementor-top-column elementor-element elementor-element-a2426df\" data-id=\"a2426df\" data-element_type=\"column\">\n\t\t\t<div class=\"elementor-widget-wrap elementor-element-populated\">\n\t\t\t\t\t\t<div class=\"elementor-element elementor-element-56e6b5c elementor-widget elementor-widget-heading\" data-id=\"56e6b5c\" data-element_type=\"widget\" data-widget_type=\"heading.default\">\n\t\t\t\t<div class=\"elementor-widget-container\">\n\t\t\t\t\t<h2 class=\"elementor-heading-title elementor-size-default\"><br>\n<p style=\"font-family: Novecentowide-Medium;font-weight: bold;line-height: 48px;font-size: 38px;letter-spacing: normal;margin-bottom: 40px !important\"><span style=\"letter-spacing: 1px\">Assistance&nbsp;<cite style=\"font-style: normal;font-family: Novecentowide-Medium;font-weight: bold;font-size: 40px;letter-spacing: 1px;color: #4CAF50\">Technique<\/cite> <\/p><\/h2>\t\t\t\t<\/div>\n\t\t\t\t<\/div>\n\t\t\t\t\t<\/div>\n\t\t<\/div>\n\t\t\t\t\t<\/div>\n\t\t<\/section>\n\t\t\t\t<section class=\"elementor-section elementor-top-section elementor-element elementor-element-c0dbe80 elementor-section-boxed elementor-section-height-default elementor-section-height-default\" data-id=\"c0dbe80\" data-element_type=\"section\">\n\t\t\t\t\t\t<div class=\"elementor-container elementor-column-gap-default\">\n\t\t\t\t\t<div class=\"elementor-column elementor-col-100 elementor-top-column elementor-element elementor-element-cf38e02\" data-id=\"cf38e02\" data-element_type=\"column\">\n\t\t\t<div class=\"elementor-widget-wrap elementor-element-populated\">\n\t\t\t\t\t\t<div class=\"elementor-element elementor-element-539a305 elementor-widget elementor-widget-spacer\" data-id=\"539a305\" data-element_type=\"widget\" data-widget_type=\"spacer.default\">\n\t\t\t\t<div class=\"elementor-widget-container\">\n\t\t\t\t\t\t\t<div class=\"elementor-spacer\">\n\t\t\t<div class=\"elementor-spacer-inner\"><\/div>\n\t\t<\/div>\n\t\t\t\t\t\t<\/div>\n\t\t\t\t<\/div>\n\t\t\t\t\t<\/div>\n\t\t<\/div>\n\t\t\t\t\t<\/div>\n\t\t<\/section>\n\t\t\t\t<section class=\"elementor-section elementor-top-section elementor-element elementor-element-faeca88 elementor-section-stretched elementor-section-boxed elementor-section-height-default elementor-section-height-default\" data-id=\"faeca88\" data-element_type=\"section\" data-settings=\"{&quot;stretch_section&quot;:&quot;section-stretched&quot;}\">\n\t\t\t\t\t\t<div class=\"elementor-container elementor-column-gap-default\">\n\t\t\t\t\t<div class=\"elementor-column elementor-col-33 elementor-top-column elementor-element elementor-element-eb85147\" data-id=\"eb85147\" data-element_type=\"column\">\n\t\t\t<div class=\"elementor-widget-wrap elementor-element-populated\">\n\t\t\t\t\t\t<div class=\"elementor-element elementor-element-a419f44 elementor-widget elementor-widget-text-editor\" data-id=\"a419f44\" data-element_type=\"widget\" data-widget_type=\"text-editor.default\">\n\t\t\t\t<div class=\"elementor-widget-container\">\n\t\t\t\t\t\t\t\t\t<span style=\"color: #4caf50; font-family: Novecentowide-Medium; font-weight: bold;\">SMARTO <\/span> <span style=\"color: #595959; font-family: 'PT Sans'; font-size: 20px;\"> propose de mettre \u00e0 disposition de ses clients ses experts et ing\u00e9nieurs en\u00a0assistance technique pour participer au d\u00e9veloppement de leurs projets R&amp;D. Nos \u00e9quipes\u00a0peuvent vous fournir une assistance \u00e0 toutes les \u00e9tapes du projet, de la sp\u00e9cification, \u00e0 la\u00a0propose de mettre \u00e0 disposition de ses clients ses experts et ing\u00e9nieurs en assistance technique pour participer au d\u00e9veloppement de leurs projets R&amp;D. Nos \u00e9quipes peuvent vous fournir une assistance \u00e0 toutes les \u00e9tapes du projet, de la sp\u00e9cification, \u00e0 la validation, en passant par la conception et le d\u00e9veloppement.\n<br> <br>\nNos consultants interviennent dans les domaines suivants :\n<br>\n&#8211; Sp\u00e9cifications et r\u00e9daction de cahier des charges<br>\n&#8211; Architecture hard\/soft<br>\n&#8211; D\u00e9veloppement software : Logiciels embarqu\u00e9s et applications mobiles, applications web<br>\n&#8211; Conception mat\u00e9rielle : Conception \u00e9lectronique, prototypage<br>\n&#8211; Protocoles de communication : 4G, NB-IOT, LTE-M, LoRa, BLE, CAN<br>\n&#8211; Connectivit\u00e9 et services cloud : Int\u00e9gration de plateformes IoT, protocoles de communication (MQTT, CoAP), protocoles de s\u00e9curit\u00e9 (TLS), architecture Cloud Aws\/Azure<br>\n&#8211; Test et validation : V\u00e9rification et validation de la conception, tests unitaires, automatisation des tests, bancs de tests<br>\n&#8211; Syst\u00e8mes d&rsquo;exploitation : Linux embarqu\u00e9, FreeRTOS, IoT core, iOS, Androidv\n&#8211; Langage de programmation : C, C++, C# .Net, Java, Python, NodeJS, TypeScript, Dart, Swift, Kotlin<br><br>\n\nNous nous engageons \u00e0 fournir \u00e0 nos clients un support technique de la plus haute qualit\u00e9 afin d&rsquo;assurer la r\u00e9ussite de leur projet.\nContactez-nous d\u00e8s maintenant pour obtenir plus d&rsquo;informations sur notre expertise et savoir comment nous pouvons vous aider \u00e0 d\u00e9velopper votre projet !\t\t\t\t\t\t\t\t<\/div>\n\t\t\t\t<\/div>\n\t\t\t\t\t<\/div>\n\t\t<\/div>\n\t\t\t\t<div class=\"elementor-column elementor-col-33 elementor-top-column elementor-element elementor-element-95219d0\" data-id=\"95219d0\" data-element_type=\"column\">\n\t\t\t<div class=\"elementor-widget-wrap\">\n\t\t\t\t\t\t\t<\/div>\n\t\t<\/div>\n\t\t\t\t<div class=\"elementor-column elementor-col-33 elementor-top-column elementor-element elementor-element-442f29b\" data-id=\"442f29b\" data-element_type=\"column\">\n\t\t\t<div class=\"elementor-widget-wrap\">\n\t\t\t\t\t\t\t<\/div>\n\t\t<\/div>\n\t\t\t\t\t<\/div>\n\t\t<\/section>\n\t\t\t\t<section class=\"elementor-section elementor-top-section elementor-element elementor-element-d72231f elementor-section-boxed elementor-section-height-default elementor-section-height-default\" data-id=\"d72231f\" data-element_type=\"section\">\n\t\t\t\t\t\t<div class=\"elementor-container elementor-column-gap-default\">\n\t\t\t\t\t<div class=\"elementor-column elementor-col-100 elementor-top-column elementor-element elementor-element-4530abd\" data-id=\"4530abd\" data-element_type=\"column\">\n\t\t\t<div class=\"elementor-widget-wrap elementor-element-populated\">\n\t\t\t\t\t\t<div class=\"elementor-element elementor-element-dcafbd0 elementor-widget elementor-widget-spacer\" data-id=\"dcafbd0\" data-element_type=\"widget\" data-widget_type=\"spacer.default\">\n\t\t\t\t<div class=\"elementor-widget-container\">\n\t\t\t\t\t\t\t<div class=\"elementor-spacer\">\n\t\t\t<div class=\"elementor-spacer-inner\"><\/div>\n\t\t<\/div>\n\t\t\t\t\t\t<\/div>\n\t\t\t\t<\/div>\n\t\t\t\t\t<\/div>\n\t\t<\/div>\n\t\t\t\t\t<\/div>\n\t\t<\/section>\n\t\t\t\t<\/div>\n\t\t","protected":false},"excerpt":{"rendered":"<p>Assistance&nbsp;Technique SMARTO propose de mettre \u00e0 disposition de ses clients ses experts et ing\u00e9nieurs en\u00a0assistance technique pour participer au d\u00e9veloppement de leurs projets R&amp;D. Nos \u00e9quipes\u00a0peuvent vous fournir une assistance \u00e0 toutes les \u00e9tapes du projet, de la sp\u00e9cification, \u00e0 la\u00a0propose de mettre \u00e0 disposition de ses clients ses experts et ing\u00e9nieurs en assistance technique [&hellip;]<\/p>\n","protected":false},"author":1,"featured_media":0,"parent":0,"menu_order":0,"comment_status":"closed","ping_status":"closed","template":"","meta":{"footnotes":""},"class_list":["post-9565","page","type-page","status-publish","hentry"],"_links":{"self":[{"href":"https:\/\/smarto.fr\/index.php\/wp-json\/wp\/v2\/pages\/9565","targetHints":{"allow":["GET"]}}],"collection":[{"href":"https:\/\/smarto.fr\/index.php\/wp-json\/wp\/v2\/pages"}],"about":[{"href":"https:\/\/smarto.fr\/index.php\/wp-json\/wp\/v2\/types\/page"}],"author":[{"embeddable":true,"href":"https:\/\/smarto.fr\/index.php\/wp-json\/wp\/v2\/users\/1"}],"replies":[{"embeddable":true,"href":"https:\/\/smarto.fr\/index.php\/wp-json\/wp\/v2\/comments?post=9565"}],"version-history":[{"count":43,"href":"https:\/\/smarto.fr\/index.php\/wp-json\/wp\/v2\/pages\/9565\/revisions"}],"predecessor-version":[{"id":10046,"href":"https:\/\/smarto.fr\/index.php\/wp-json\/wp\/v2\/pages\/9565\/revisions\/10046"}],"wp:attachment":[{"href":"https:\/\/smarto.fr\/index.php\/wp-json\/wp\/v2\/media?parent=9565"}],"curies":[{"name":"wp","href":"https:\/\/api.w.org\/{rel}","templated":true}]}}