{"id":9577,"date":"2023-06-06T12:27:20","date_gmt":"2023-06-06T10:27:20","guid":{"rendered":"https:\/\/carturbo.fr\/?page_id=9577"},"modified":"2023-06-08T11:18:13","modified_gmt":"2023-06-08T09:18:13","slug":"enregistreurs-influx","status":"publish","type":"page","link":"https:\/\/smarto.fr\/index.php\/enregistreurs-influx\/","title":{"rendered":"Enregistreurs INFLUX"},"content":{"rendered":"\t\t<div data-elementor-type=\"wp-page\" data-elementor-id=\"9577\" class=\"elementor elementor-9577\" data-elementor-post-type=\"page\">\n\t\t\t\t\t\t<section class=\"elementor-section elementor-top-section elementor-element elementor-element-aafe345 elementor-section-boxed elementor-section-height-default elementor-section-height-default\" data-id=\"aafe345\" data-element_type=\"section\">\n\t\t\t\t\t\t<div class=\"elementor-container elementor-column-gap-default\">\n\t\t\t\t\t<div class=\"elementor-column elementor-col-50 elementor-top-column elementor-element elementor-element-3f6ef5e\" data-id=\"3f6ef5e\" data-element_type=\"column\">\n\t\t\t<div class=\"elementor-widget-wrap elementor-element-populated\">\n\t\t\t\t\t\t<div class=\"elementor-element elementor-element-0466ea4 elementor-widget elementor-widget-heading\" data-id=\"0466ea4\" data-element_type=\"widget\" data-widget_type=\"heading.default\">\n\t\t\t\t<div class=\"elementor-widget-container\">\n\t\t\t\t\t<h2 class=\"elementor-heading-title elementor-size-default\"><br>\n<h3 style=\"font-family: Novecentowide-Medium;font-weight: bold;line-height: 48px;font-size: 38px;letter-spacing: normal;margin-bottom: 40px !important\"><span style=\"letter-spacing: 0.1em\">Les Enregistreurs&nbsp;<cite style=\"font-style: normal;font-size: 40px;font-weight: bold;color: #19EEBC;font-family: Novecentowide-Medium\">Influx Technology<\/cite> <\/h3><\/h2>\t\t\t\t<\/div>\n\t\t\t\t<\/div>\n\t\t\t\t\t<\/div>\n\t\t<\/div>\n\t\t\t\t<div class=\"elementor-column elementor-col-50 elementor-top-column elementor-element elementor-element-598a3c8\" data-id=\"598a3c8\" data-element_type=\"column\">\n\t\t\t<div class=\"elementor-widget-wrap\">\n\t\t\t\t\t\t\t<\/div>\n\t\t<\/div>\n\t\t\t\t\t<\/div>\n\t\t<\/section>\n\t\t\t\t<section class=\"elementor-section elementor-top-section elementor-element elementor-element-f901076 elementor-section-boxed elementor-section-height-default elementor-section-height-default\" data-id=\"f901076\" data-element_type=\"section\">\n\t\t\t\t\t\t<div class=\"elementor-container elementor-column-gap-default\">\n\t\t\t\t\t<div class=\"elementor-column elementor-col-33 elementor-top-column elementor-element elementor-element-36ca841\" data-id=\"36ca841\" data-element_type=\"column\">\n\t\t\t<div class=\"elementor-widget-wrap elementor-element-populated\">\n\t\t\t\t\t\t<div class=\"elementor-element elementor-element-bf3c036 elementor-widget elementor-widget-text-editor\" data-id=\"bf3c036\" data-element_type=\"widget\" data-widget_type=\"text-editor.default\">\n\t\t\t\t<div class=\"elementor-widget-container\">\n\t\t\t\t\t\t\t\t\t<span style=\"color: #595959; font-family: 'PT Sans'; font-size: 20px;\">Les enregistreurs <\/span> <span style=\"color: #19eebc; font-family: 'PT Sans'; font-size: 20px; font-weight: bold;\"> Influx Technology <\/span> <span style=\"color: #595959; font-family: 'PT Sans'; font-size: 20px;\"> permettent l\u2019acquisition\u00a0<\/span><span style=\"color: #595959; font-family: 'PT Sans'; font-size: 20px; font-weight: var( --e-global-typography-text-font-weight );\">des donn\u00e9es provenant de plusieurs sources CAN (Enregistreur CAN, Logger CAN), LIN (Logger LIN), FLEXRAY (Logger Flexray), signaux logiques, signaux analogiques et thermocouples.<\/span> <br> <br>\n<p style=\"margin-bottom: 15px; color: #595959; font-family: 'PT Sans'; font-size: 20px;\">La configuration des enregistreurs est tr\u00e8s facile, elle offre la possibilit\u00e9 d\u2019utiliser les diff\u00e9rents formats de fichiers : DBC, xCP, CCP, ODX et A2L. Les enregistreurs peuvent \u00eatre connect\u00e9s directement sur la prise OBD ou J1939 du v\u00e9hicule. Les donn\u00e9es enregistr\u00e9es peuvent \u00eatre r\u00e9cup\u00e9r\u00e9es \u00e0 distance par connexion Wifi ou 3G.<\/p>\n&nbsp;\t\t\t\t\t\t\t\t<\/div>\n\t\t\t\t<\/div>\n\t\t\t\t\t<\/div>\n\t\t<\/div>\n\t\t\t\t<div class=\"elementor-column elementor-col-33 elementor-top-column elementor-element elementor-element-ba1cda9\" data-id=\"ba1cda9\" data-element_type=\"column\">\n\t\t\t<div class=\"elementor-widget-wrap\">\n\t\t\t\t\t\t\t<\/div>\n\t\t<\/div>\n\t\t\t\t<div class=\"elementor-column elementor-col-33 elementor-top-column elementor-element elementor-element-ac847d0\" data-id=\"ac847d0\" data-element_type=\"column\">\n\t\t\t<div class=\"elementor-widget-wrap\">\n\t\t\t\t\t\t\t<\/div>\n\t\t<\/div>\n\t\t\t\t\t<\/div>\n\t\t<\/section>\n\t\t\t\t<section class=\"elementor-section elementor-top-section elementor-element elementor-element-94d279b elementor-section-boxed elementor-section-height-default elementor-section-height-default\" data-id=\"94d279b\" data-element_type=\"section\">\n\t\t\t\t\t\t<div class=\"elementor-container elementor-column-gap-default\">\n\t\t\t\t\t<div class=\"elementor-column elementor-col-100 elementor-top-column elementor-element elementor-element-704b5ca\" data-id=\"704b5ca\" data-element_type=\"column\">\n\t\t\t<div class=\"elementor-widget-wrap elementor-element-populated\">\n\t\t\t\t\t\t<div class=\"elementor-element elementor-element-34b43b6 elementor-widget elementor-widget-spacer\" data-id=\"34b43b6\" data-element_type=\"widget\" data-widget_type=\"spacer.default\">\n\t\t\t\t<div class=\"elementor-widget-container\">\n\t\t\t\t\t\t\t<div class=\"elementor-spacer\">\n\t\t\t<div class=\"elementor-spacer-inner\"><\/div>\n\t\t<\/div>\n\t\t\t\t\t\t<\/div>\n\t\t\t\t<\/div>\n\t\t\t\t\t<\/div>\n\t\t<\/div>\n\t\t\t\t\t<\/div>\n\t\t<\/section>\n\t\t\t\t<\/div>\n\t\t","protected":false},"excerpt":{"rendered":"<p>Les Enregistreurs&nbsp;Influx Technology Les enregistreurs Influx Technology permettent l\u2019acquisition\u00a0des donn\u00e9es provenant de plusieurs sources CAN (Enregistreur CAN, Logger CAN), LIN (Logger LIN), FLEXRAY (Logger Flexray), signaux logiques, signaux analogiques et thermocouples. La configuration des enregistreurs est tr\u00e8s facile, elle offre la possibilit\u00e9 d\u2019utiliser les diff\u00e9rents formats de fichiers : DBC, xCP, CCP, ODX et A2L. [&hellip;]<\/p>\n","protected":false},"author":1,"featured_media":0,"parent":0,"menu_order":0,"comment_status":"closed","ping_status":"closed","template":"","meta":{"footnotes":""},"class_list":["post-9577","page","type-page","status-publish","hentry"],"_links":{"self":[{"href":"https:\/\/smarto.fr\/index.php\/wp-json\/wp\/v2\/pages\/9577","targetHints":{"allow":["GET"]}}],"collection":[{"href":"https:\/\/smarto.fr\/index.php\/wp-json\/wp\/v2\/pages"}],"about":[{"href":"https:\/\/smarto.fr\/index.php\/wp-json\/wp\/v2\/types\/page"}],"author":[{"embeddable":true,"href":"https:\/\/smarto.fr\/index.php\/wp-json\/wp\/v2\/users\/1"}],"replies":[{"embeddable":true,"href":"https:\/\/smarto.fr\/index.php\/wp-json\/wp\/v2\/comments?post=9577"}],"version-history":[{"count":39,"href":"https:\/\/smarto.fr\/index.php\/wp-json\/wp\/v2\/pages\/9577\/revisions"}],"predecessor-version":[{"id":9814,"href":"https:\/\/smarto.fr\/index.php\/wp-json\/wp\/v2\/pages\/9577\/revisions\/9814"}],"wp:attachment":[{"href":"https:\/\/smarto.fr\/index.php\/wp-json\/wp\/v2\/media?parent=9577"}],"curies":[{"name":"wp","href":"https:\/\/api.w.org\/{rel}","templated":true}]}}