{"id":9785,"date":"2023-06-08T12:15:09","date_gmt":"2023-06-08T10:15:09","guid":{"rendered":"https:\/\/carturbo.fr\/?page_id=9785"},"modified":"2023-06-26T14:55:21","modified_gmt":"2023-06-26T12:55:21","slug":"etude-au-forfait","status":"publish","type":"page","link":"https:\/\/smarto.fr\/index.php\/etude-au-forfait\/","title":{"rendered":"Etude au Forfait"},"content":{"rendered":"\t\t<div data-elementor-type=\"wp-page\" data-elementor-id=\"9785\" class=\"elementor elementor-9785\" data-elementor-post-type=\"page\">\n\t\t\t\t\t\t<section class=\"elementor-section elementor-top-section elementor-element elementor-element-477ed46 elementor-section-boxed elementor-section-height-default elementor-section-height-default\" data-id=\"477ed46\" data-element_type=\"section\">\n\t\t\t\t\t\t<div class=\"elementor-container elementor-column-gap-default\">\n\t\t\t\t\t<div class=\"elementor-column elementor-col-100 elementor-top-column elementor-element elementor-element-7bf3c63\" data-id=\"7bf3c63\" data-element_type=\"column\">\n\t\t\t<div class=\"elementor-widget-wrap elementor-element-populated\">\n\t\t\t\t\t\t<div class=\"elementor-element elementor-element-dcdde21 elementor-widget elementor-widget-heading\" data-id=\"dcdde21\" data-element_type=\"widget\" data-widget_type=\"heading.default\">\n\t\t\t\t<div class=\"elementor-widget-container\">\n\t\t\t\t\t<h2 class=\"elementor-heading-title elementor-size-default\"><br>\n<p style=\"font-family: Novecentowide-Medium;font-weight: bold;line-height: 48px;font-size: 38px;letter-spacing: normal;margin-bottom: 40px !important\"><span style=\"letter-spacing: 1px\">Etude au&nbsp;<cite style=\"font-style: normal;font-weight: bold;font-size: 40px;letter-spacing:  0.1px;font-family: Novecentowide-Medium;color: #4CAF50\">Forfait<\/cite> <\/p> <\/h2>\t\t\t\t<\/div>\n\t\t\t\t<\/div>\n\t\t\t\t\t<\/div>\n\t\t<\/div>\n\t\t\t\t\t<\/div>\n\t\t<\/section>\n\t\t\t\t<section class=\"elementor-section elementor-top-section elementor-element elementor-element-a4d5599 elementor-section-stretched elementor-section-boxed elementor-section-height-default elementor-section-height-default\" data-id=\"a4d5599\" data-element_type=\"section\" data-settings=\"{&quot;stretch_section&quot;:&quot;section-stretched&quot;}\">\n\t\t\t\t\t\t<div class=\"elementor-container elementor-column-gap-default\">\n\t\t\t\t\t<div class=\"elementor-column elementor-col-50 elementor-top-column elementor-element elementor-element-3b65c91\" data-id=\"3b65c91\" data-element_type=\"column\">\n\t\t\t<div class=\"elementor-widget-wrap elementor-element-populated\">\n\t\t\t\t\t\t<div class=\"elementor-element elementor-element-fc12ac5 elementor-widget elementor-widget-text-editor\" data-id=\"fc12ac5\" data-element_type=\"widget\" data-widget_type=\"text-editor.default\">\n\t\t\t\t<div class=\"elementor-widget-container\">\n\t\t\t\t\t\t\t\t\t<p style=\"color: #595959; font-size: 20px; font-family: 'PT Sans';\"><span style=\"color: #4caf50; ; font-weight: bold; ; font-size: 20px;\">SMARTO<\/span> propose \u00e9galement de mettre \u00e0 votre disposition son expertise et ses technologies r\u00e9sultats de ses travaux R&amp;D pour vous accompagner dans le d\u00e9veloppement de votre produit innovant dans l&rsquo;internet des objets. Sur la base de nos briques logicielles et mat\u00e9rielles nous pouvons vous apporter un avantage concurrentiel, et d\u00e9velopper, voir assembler, pour vous votre produit, \u00e0 haute valeur ajout\u00e9e, dans un temps record, pour une mise sur le march\u00e9 en respectant le Time-To-Market. Notre \u00e9quipe d&rsquo;ing\u00e9nieurs est \u00e0 votre disposition pour votre projet, quel que soit son niveau de complexit\u00e9, pour d\u00e9velopper la solution personnalis\u00e9e la plus adapt\u00e9e \u00e0 vos besoins et la concr\u00e9tiser.\n<br> <br>\n<span style=\"color: #4caf50; ; font-weight: bold; ; font-size: 20px;\"> Nos expertises: <\/span>\n<br>\n&#8211; Conception \u00e9lectronique de Device IOT<br>\n&#8211; D\u00e9veloppement de calculateur embarqu\u00e9<br>\n&#8211; D\u00e9veloppement d&rsquo;Application mobile iOS, Android et Flutter<br>\n&#8211; D\u00e9veloppement d&rsquo;Application Web Fullstack<br>\n\n<br><span style=\"color: #4caf50; ; font-weight: bold; ; font-size: 20px;\">\nNos briques hardwares et logicielles disponibles sur \u00e9tag\u00e8re:<\/span> <br>\n&#8211; Module 2G, 3G, 4G, NB-IOT et LTE-M<br>\n&#8211; Module Wifi, Bluetooth et LoRa<br>\n&#8211; Module GPS<br>\n&#8211; Module USB<br>\n&#8211; Module CAN, LIN, I2C, SPI, DIO, OBD<br>\n&#8211; Protocoles &amp; Drivers CAN, LIN, J1939<br>\n&#8211; Module PMIC, gestion de batterie Lithium<br>\n&#8211; Module acc\u00e9l\u00e9rom\u00e8tre 3 \u00e0 9 axes<br>\n&#8211; Module m\u00e9moire Flash<br>\n&#8211; Microcontr\u00f4leur STM, TI, NXP, nRF, ESP32, Dialog<br>\n<br> <span style=\"color: #4caf50; ; font-weight: bold; ; font-size: 20px;\">\nNotre processus de d\u00e9veloppement: <\/span><br>\nNous avons adopt\u00e9 une approche totalement agile du d\u00e9veloppement de produits. Cela nous permet de d\u00e9velopper rapidement et avec pr\u00e9cision la bonne solution pour nos clients. Nous utilisons des outils modernes tels que Gitlab, Phabricator, Testlink et Jenkins pour la gestion et suivi de l&rsquo;avancement des travaux et nous assurer que nos projets gardent le cap. Nous utilisons \u00e9galement nos propres bancs de test et validation automatique pour acc\u00e9l\u00e9rer le d\u00e9veloppement des produits et s&rsquo;assurer de leur fiabilit\u00e9.\n<br><br>\n<span style=\"color: #4caf50; ; font-weight: bold; ; font-size: 20px;\"> \nNotre exp\u00e9rience: <\/span>\n<br>\nNous avons travaill\u00e9 sur un large \u00e9ventail de projets, des solutions de voitures connect\u00e9es pour l&rsquo;industrie automobile aux produits d&rsquo;IOT pour la sant\u00e9 connect\u00e9e, la domotique et le bien \u00eatre pour le march\u00e9 grand public. Nous sommes exp\u00e9riment\u00e9s dans le d\u00e9veloppement de mat\u00e9riel, de logiciels, d&rsquo;applications mobiles et de services cloud pour les appareils IOT.\nChez <span style=\"color: #4caf50; ; font-weight: bold; ; font-size: 20px;\">SMARTO<\/span>, nous croyons qu&rsquo;il faut fournir \u00e0 nos clients des solutions innovantes qui leur permettent d&rsquo;accro\u00eetre les performances de leur entreprise et de r\u00e9duire les co\u00fbts. Gr\u00e2ce \u00e0 notre expertise, \u00e0 nos technologies de pointe et \u00e0 notre \u00e9quipe d&rsquo;ing\u00e9nieurs exp\u00e9riment\u00e9s, nous sommes en mesure d&rsquo;offrir \u00e0 nos clients des solutions innovantes.<br><br>\nContactez-nous d\u00e8s maintenant pour savoir comment nous pouvons vous aider \u00e0 cr\u00e9er votre propre dispositif IoT avec notre expertise et notre technologie.\nNous sommes impatients d&rsquo;avoir de vos nouvelles !\t\t\t\t\t\t\t\t<\/div>\n\t\t\t\t<\/div>\n\t\t\t\t\t<\/div>\n\t\t<\/div>\n\t\t\t\t<div class=\"elementor-column elementor-col-50 elementor-top-column elementor-element elementor-element-5484f4e\" data-id=\"5484f4e\" data-element_type=\"column\">\n\t\t\t<div class=\"elementor-widget-wrap elementor-element-populated\">\n\t\t\t\t\t\t<div class=\"elementor-element elementor-element-29682a8 elementor-widget elementor-widget-spacer\" data-id=\"29682a8\" data-element_type=\"widget\" data-widget_type=\"spacer.default\">\n\t\t\t\t<div class=\"elementor-widget-container\">\n\t\t\t\t\t\t\t<div class=\"elementor-spacer\">\n\t\t\t<div class=\"elementor-spacer-inner\"><\/div>\n\t\t<\/div>\n\t\t\t\t\t\t<\/div>\n\t\t\t\t<\/div>\n\t\t\t\t<div class=\"elementor-element elementor-element-9135f09 elementor-widget elementor-widget-image\" data-id=\"9135f09\" data-element_type=\"widget\" data-widget_type=\"image.default\">\n\t\t\t\t<div class=\"elementor-widget-container\">\n\t\t\t\t\t\t\t\t\t\t\t\t\t\t\t<img fetchpriority=\"high\" decoding=\"async\" width=\"1024\" height=\"436\" src=\"https:\/\/smarto.fr\/wp-content\/uploads\/2023\/06\/Application-1024x436.png\" class=\"attachment-large size-large wp-image-10539\" alt=\"\" srcset=\"https:\/\/smarto.fr\/wp-content\/uploads\/2023\/06\/Application-1024x436.png 1024w, https:\/\/smarto.fr\/wp-content\/uploads\/2023\/06\/Application-300x128.png 300w, https:\/\/smarto.fr\/wp-content\/uploads\/2023\/06\/Application-768x327.png 768w, https:\/\/smarto.fr\/wp-content\/uploads\/2023\/06\/Application.png 1267w\" sizes=\"(max-width: 1024px) 100vw, 1024px\" \/>\t\t\t\t\t\t\t\t\t\t\t\t\t\t\t<\/div>\n\t\t\t\t<\/div>\n\t\t\t\t\t<\/div>\n\t\t<\/div>\n\t\t\t\t\t<\/div>\n\t\t<\/section>\n\t\t\t\t<\/div>\n\t\t","protected":false},"excerpt":{"rendered":"<p>Etude au&nbsp;Forfait SMARTO propose \u00e9galement de mettre \u00e0 votre disposition son expertise et ses technologies r\u00e9sultats de ses travaux R&amp;D pour vous accompagner dans le d\u00e9veloppement de votre produit innovant dans l&rsquo;internet des objets. Sur la base de nos briques logicielles et mat\u00e9rielles nous pouvons vous apporter un avantage concurrentiel, et d\u00e9velopper, voir assembler, pour [&hellip;]<\/p>\n","protected":false},"author":1,"featured_media":0,"parent":0,"menu_order":0,"comment_status":"closed","ping_status":"closed","template":"","meta":{"footnotes":""},"class_list":["post-9785","page","type-page","status-publish","hentry"],"_links":{"self":[{"href":"https:\/\/smarto.fr\/index.php\/wp-json\/wp\/v2\/pages\/9785","targetHints":{"allow":["GET"]}}],"collection":[{"href":"https:\/\/smarto.fr\/index.php\/wp-json\/wp\/v2\/pages"}],"about":[{"href":"https:\/\/smarto.fr\/index.php\/wp-json\/wp\/v2\/types\/page"}],"author":[{"embeddable":true,"href":"https:\/\/smarto.fr\/index.php\/wp-json\/wp\/v2\/users\/1"}],"replies":[{"embeddable":true,"href":"https:\/\/smarto.fr\/index.php\/wp-json\/wp\/v2\/comments?post=9785"}],"version-history":[{"count":43,"href":"https:\/\/smarto.fr\/index.php\/wp-json\/wp\/v2\/pages\/9785\/revisions"}],"predecessor-version":[{"id":10542,"href":"https:\/\/smarto.fr\/index.php\/wp-json\/wp\/v2\/pages\/9785\/revisions\/10542"}],"wp:attachment":[{"href":"https:\/\/smarto.fr\/index.php\/wp-json\/wp\/v2\/media?parent=9785"}],"curies":[{"name":"wp","href":"https:\/\/api.w.org\/{rel}","templated":true}]}}